{"id":876,"date":"2013-05-30T15:10:02","date_gmt":"2013-05-30T13:10:02","guid":{"rendered":"http:\/\/www.bodhisattva-training.de\/WordPress\/?page_id=876"},"modified":"2026-04-20T21:46:35","modified_gmt":"2026-04-20T19:46:35","slug":"mahakaruna-verlag","status":"publish","type":"page","link":"https:\/\/bodhisattva-training.de\/WordPress\/mahakaruna-verlag\/","title":{"rendered":"Mahakaruna Verlag"},"content":{"rendered":"<p>&nbsp;<\/p>\n<p style=\"padding-left: 80px;\"><a href=\"https:\/\/bodhisattva-training.de\/WordPress\/wp-content\/uploads\/mahakaruna-logo-800.png\"><img loading=\"lazy\" decoding=\"async\" class=\"wp-image-3331 aligncenter\" src=\"https:\/\/bodhisattva-training.de\/WordPress\/wp-content\/uploads\/mahakaruna-logo-800-300x300.png\" alt=\"\" width=\"141\" height=\"141\" srcset=\"https:\/\/bodhisattva-training.de\/WordPress\/wp-content\/uploads\/mahakaruna-logo-800-300x300.png 300w, https:\/\/bodhisattva-training.de\/WordPress\/wp-content\/uploads\/mahakaruna-logo-800-150x150.png 150w, https:\/\/bodhisattva-training.de\/WordPress\/wp-content\/uploads\/mahakaruna-logo-800-768x769.png 768w, https:\/\/bodhisattva-training.de\/WordPress\/wp-content\/uploads\/mahakaruna-logo-800.png 800w\" sizes=\"auto, (max-width: 141px) 100vw, 141px\" \/><\/a><\/p>\n<p>&nbsp;<\/p>\n<h4 style=\"text-align: center;\"><span style=\"color: #000000;\">Der Mahakaruna Verlag ist kein \u00fcblicher Verlag, sondern ein m\u00f6glichst einfach gehaltenes Publikationsforum<\/span><\/h4>\n<h4 style=\"text-align: center;\"><span style=\"color: #000000;\">f\u00fcr B\u00fccher, die in kleiner Auflage gedruckt werden,<\/span><\/h4>\n<h4 style=\"text-align: center;\"><span style=\"color: #000000;\">f\u00fcr den Download von Dharmatexten,<\/span><\/h4>\n<h4 style=\"text-align: center;\"><span style=\"color: #000000;\">f\u00fcr das Training &#8218;Noch 9 Monate zu leben&#8216; und<\/span><\/h4>\n<h4 style=\"text-align: center;\"><span style=\"color: #000000;\">f\u00fcr &#8218;Mahakaruna Yoga&#8216; sowie &#8218;Mahamudra Yoga innerer W\u00e4rme&#8216;.<\/span><\/h4>\n<h4 style=\"text-align: center;\"><span style=\"color: #000000;\">Die gedruckten B\u00fccher kosten nat\u00fcrlich Geld, doch alles andere ist kostenlos verf\u00fcgbar.<\/span><\/h4>\n<h4 style=\"text-align: center;\"><span style=\"color: #000000;\">Weitere Informationen findest du unter den Men\u00fcpunkten.<\/span><\/h4>\n<h4><\/h4>\n<hr \/>\n<p>&nbsp;<\/p>\n<h3 style=\"text-align: center;\"><\/h3>\n<h4 style=\"text-align: center;\"><span style=\"color: #ff0000;\">NEUERSCHEINUNG<\/span><\/h4>\n<h4 style=\"text-align: center;\"><span style=\"color: #333300;\">Das Buch &#8218;Schritt f\u00fcr Schritt zur Buddhaschaft&#8216; ist Mitte M\u00e4rz erschienen und kann jetzt bestellt werden.<\/span><\/h4>\n<h4 style=\"text-align: center;\"><span style=\"color: #333300;\">Alles Weitere findest du in diesem Flyer:<\/span><\/h4>\n<h4 style=\"text-align: center;\"><span style=\"color: #003366;\"><a style=\"color: #003366;\" href=\"https:\/\/bodhisattva-training.de\/WordPress\/wp-content\/uploads\/Flyer-Schritt-fuer-Schritt-zur-Buddhaschaft.pdf\" target=\"_blank\" rel=\"noopener\">Schritt f\u00fcr Schritt zur Buddhaschaft<\/a><\/span><\/h4>\n<p>&nbsp;<\/p>\n<p>&nbsp;<\/p>\n<hr \/>\n<p style=\"text-align: center;\">\n","protected":false},"excerpt":{"rendered":"<p>&nbsp; &nbsp; Der Mahakaruna Verlag ist kein \u00fcblicher Verlag, sondern ein m\u00f6glichst einfach gehaltenes Publikationsforum f\u00fcr B\u00fccher, die in kleiner Auflage gedruckt werden, f\u00fcr den Download von Dharmatexten, f\u00fcr das Training &#8218;Noch 9 Monate zu leben&#8216; und f\u00fcr &#8218;Mahakaruna Yoga&#8216; sowie &#8218;Mahamudra Yoga innerer W\u00e4rme&#8216;. Die gedruckten B\u00fccher kosten nat\u00fcrlich&#8230;<\/p>\n<p> <a class=\"continue-reading-link\" href=\"https:\/\/bodhisattva-training.de\/WordPress\/mahakaruna-verlag\/\"><span>Continue reading<\/span><i class=\"crycon-right-dir\"><\/i><\/a> <\/p>\n","protected":false},"author":2,"featured_media":0,"parent":0,"menu_order":2,"comment_status":"closed","ping_status":"closed","template":"","meta":{"footnotes":""},"class_list":["post-876","page","type-page","status-publish","hentry"],"yoast_head":"<!-- This site is optimized with the Yoast SEO plugin v27.5 - https:\/\/yoast.com\/product\/yoast-seo-wordpress\/ -->\n<title>Bodhisattva-Training<\/title>\n<meta name=\"description\" content=\"Diese Webseite ist dem Training eines Bodhisattva, dem Studium und der Praxis des traditionellen Buddhadharma, gewidmet.\" \/>\n<meta name=\"robots\" content=\"index, follow, max-snippet:-1, max-image-preview:large, max-video-preview:-1\" \/>\n<link rel=\"canonical\" href=\"https:\/\/bodhisattva-training.de\/WordPress\/mahakaruna-verlag\/\" \/>\n<meta property=\"og:locale\" content=\"de_DE\" \/>\n<meta property=\"og:type\" content=\"article\" \/>\n<meta property=\"og:title\" content=\"Bodhisattva-Training\" \/>\n<meta property=\"og:description\" content=\"Diese Webseite ist dem Training eines Bodhisattva, dem Studium und der Praxis des traditionellen Buddhadharma, gewidmet.\" \/>\n<meta property=\"og:url\" content=\"https:\/\/bodhisattva-training.de\/WordPress\/mahakaruna-verlag\/\" \/>\n<meta property=\"og:site_name\" content=\"Bodhisattva Training\" \/>\n<meta property=\"article:modified_time\" content=\"2026-04-20T19:46:35+00:00\" \/>\n<meta property=\"og:image\" content=\"https:\/\/bodhisattva-training.de\/WordPress\/wp-content\/uploads\/mahakaruna-logo-800.png\" \/>\n\t<meta property=\"og:image:width\" content=\"800\" \/>\n\t<meta property=\"og:image:height\" content=\"801\" \/>\n\t<meta property=\"og:image:type\" content=\"image\/png\" \/>\n<meta name=\"twitter:card\" content=\"summary_large_image\" \/>\n<meta name=\"twitter:label1\" content=\"Gesch\u00e4tzte Lesezeit\" \/>\n\t<meta name=\"twitter:data1\" content=\"1\u00a0Minute\" \/>\n<script type=\"application\/ld+json\" class=\"yoast-schema-graph\">{\"@context\":\"https:\\\/\\\/schema.org\",\"@graph\":[{\"@type\":\"WebPage\",\"@id\":\"https:\\\/\\\/bodhisattva-training.de\\\/WordPress\\\/mahakaruna-verlag\\\/\",\"url\":\"https:\\\/\\\/bodhisattva-training.de\\\/WordPress\\\/mahakaruna-verlag\\\/\",\"name\":\"Bodhisattva-Training\",\"isPartOf\":{\"@id\":\"https:\\\/\\\/bodhisattva-training.de\\\/WordPress\\\/#website\"},\"primaryImageOfPage\":{\"@id\":\"https:\\\/\\\/bodhisattva-training.de\\\/WordPress\\\/mahakaruna-verlag\\\/#primaryimage\"},\"image\":{\"@id\":\"https:\\\/\\\/bodhisattva-training.de\\\/WordPress\\\/mahakaruna-verlag\\\/#primaryimage\"},\"thumbnailUrl\":\"https:\\\/\\\/bodhisattva-training.de\\\/WordPress\\\/wp-content\\\/uploads\\\/mahakaruna-logo-800-300x300.png\",\"datePublished\":\"2013-05-30T13:10:02+00:00\",\"dateModified\":\"2026-04-20T19:46:35+00:00\",\"description\":\"Diese Webseite ist dem Training eines Bodhisattva, dem Studium und der Praxis des traditionellen Buddhadharma, gewidmet.\",\"breadcrumb\":{\"@id\":\"https:\\\/\\\/bodhisattva-training.de\\\/WordPress\\\/mahakaruna-verlag\\\/#breadcrumb\"},\"inLanguage\":\"de\",\"potentialAction\":[{\"@type\":\"ReadAction\",\"target\":[\"https:\\\/\\\/bodhisattva-training.de\\\/WordPress\\\/mahakaruna-verlag\\\/\"]}]},{\"@type\":\"ImageObject\",\"inLanguage\":\"de\",\"@id\":\"https:\\\/\\\/bodhisattva-training.de\\\/WordPress\\\/mahakaruna-verlag\\\/#primaryimage\",\"url\":\"https:\\\/\\\/bodhisattva-training.de\\\/WordPress\\\/wp-content\\\/uploads\\\/mahakaruna-logo-800.png\",\"contentUrl\":\"https:\\\/\\\/bodhisattva-training.de\\\/WordPress\\\/wp-content\\\/uploads\\\/mahakaruna-logo-800.png\",\"width\":800,\"height\":801},{\"@type\":\"BreadcrumbList\",\"@id\":\"https:\\\/\\\/bodhisattva-training.de\\\/WordPress\\\/mahakaruna-verlag\\\/#breadcrumb\",\"itemListElement\":[{\"@type\":\"ListItem\",\"position\":1,\"name\":\"Startseite\",\"item\":\"https:\\\/\\\/bodhisattva-training.de\\\/WordPress\\\/\"},{\"@type\":\"ListItem\",\"position\":2,\"name\":\"Mahakaruna Verlag\"}]},{\"@type\":\"WebSite\",\"@id\":\"https:\\\/\\\/bodhisattva-training.de\\\/WordPress\\\/#website\",\"url\":\"https:\\\/\\\/bodhisattva-training.de\\\/WordPress\\\/\",\"name\":\"Bodhisattva Training\",\"description\":\"           gro\u00dfes Mitgef\u00fchl und allumfassende Weisheit\",\"potentialAction\":[{\"@type\":\"SearchAction\",\"target\":{\"@type\":\"EntryPoint\",\"urlTemplate\":\"https:\\\/\\\/bodhisattva-training.de\\\/WordPress\\\/?s={search_term_string}\"},\"query-input\":{\"@type\":\"PropertyValueSpecification\",\"valueRequired\":true,\"valueName\":\"search_term_string\"}}],\"inLanguage\":\"de\"}]}<\/script>\n<!-- \/ Yoast SEO plugin. -->","yoast_head_json":{"title":"Bodhisattva-Training","description":"Diese Webseite ist dem Training eines Bodhisattva, dem Studium und der Praxis des traditionellen Buddhadharma, gewidmet.","robots":{"index":"index","follow":"follow","max-snippet":"max-snippet:-1","max-image-preview":"max-image-preview:large","max-video-preview":"max-video-preview:-1"},"canonical":"https:\/\/bodhisattva-training.de\/WordPress\/mahakaruna-verlag\/","og_locale":"de_DE","og_type":"article","og_title":"Bodhisattva-Training","og_description":"Diese Webseite ist dem Training eines Bodhisattva, dem Studium und der Praxis des traditionellen Buddhadharma, gewidmet.","og_url":"https:\/\/bodhisattva-training.de\/WordPress\/mahakaruna-verlag\/","og_site_name":"Bodhisattva Training","article_modified_time":"2026-04-20T19:46:35+00:00","og_image":[{"width":800,"height":801,"url":"https:\/\/bodhisattva-training.de\/WordPress\/wp-content\/uploads\/mahakaruna-logo-800.png","type":"image\/png"}],"twitter_card":"summary_large_image","twitter_misc":{"Gesch\u00e4tzte Lesezeit":"1\u00a0Minute"},"schema":{"@context":"https:\/\/schema.org","@graph":[{"@type":"WebPage","@id":"https:\/\/bodhisattva-training.de\/WordPress\/mahakaruna-verlag\/","url":"https:\/\/bodhisattva-training.de\/WordPress\/mahakaruna-verlag\/","name":"Bodhisattva-Training","isPartOf":{"@id":"https:\/\/bodhisattva-training.de\/WordPress\/#website"},"primaryImageOfPage":{"@id":"https:\/\/bodhisattva-training.de\/WordPress\/mahakaruna-verlag\/#primaryimage"},"image":{"@id":"https:\/\/bodhisattva-training.de\/WordPress\/mahakaruna-verlag\/#primaryimage"},"thumbnailUrl":"https:\/\/bodhisattva-training.de\/WordPress\/wp-content\/uploads\/mahakaruna-logo-800-300x300.png","datePublished":"2013-05-30T13:10:02+00:00","dateModified":"2026-04-20T19:46:35+00:00","description":"Diese Webseite ist dem Training eines Bodhisattva, dem Studium und der Praxis des traditionellen Buddhadharma, gewidmet.","breadcrumb":{"@id":"https:\/\/bodhisattva-training.de\/WordPress\/mahakaruna-verlag\/#breadcrumb"},"inLanguage":"de","potentialAction":[{"@type":"ReadAction","target":["https:\/\/bodhisattva-training.de\/WordPress\/mahakaruna-verlag\/"]}]},{"@type":"ImageObject","inLanguage":"de","@id":"https:\/\/bodhisattva-training.de\/WordPress\/mahakaruna-verlag\/#primaryimage","url":"https:\/\/bodhisattva-training.de\/WordPress\/wp-content\/uploads\/mahakaruna-logo-800.png","contentUrl":"https:\/\/bodhisattva-training.de\/WordPress\/wp-content\/uploads\/mahakaruna-logo-800.png","width":800,"height":801},{"@type":"BreadcrumbList","@id":"https:\/\/bodhisattva-training.de\/WordPress\/mahakaruna-verlag\/#breadcrumb","itemListElement":[{"@type":"ListItem","position":1,"name":"Startseite","item":"https:\/\/bodhisattva-training.de\/WordPress\/"},{"@type":"ListItem","position":2,"name":"Mahakaruna Verlag"}]},{"@type":"WebSite","@id":"https:\/\/bodhisattva-training.de\/WordPress\/#website","url":"https:\/\/bodhisattva-training.de\/WordPress\/","name":"Bodhisattva Training","description":"           gro\u00dfes Mitgef\u00fchl und allumfassende Weisheit","potentialAction":[{"@type":"SearchAction","target":{"@type":"EntryPoint","urlTemplate":"https:\/\/bodhisattva-training.de\/WordPress\/?s={search_term_string}"},"query-input":{"@type":"PropertyValueSpecification","valueRequired":true,"valueName":"search_term_string"}}],"inLanguage":"de"}]}},"_links":{"self":[{"href":"https:\/\/bodhisattva-training.de\/WordPress\/wp-json\/wp\/v2\/pages\/876","targetHints":{"allow":["GET"]}}],"collection":[{"href":"https:\/\/bodhisattva-training.de\/WordPress\/wp-json\/wp\/v2\/pages"}],"about":[{"href":"https:\/\/bodhisattva-training.de\/WordPress\/wp-json\/wp\/v2\/types\/page"}],"author":[{"embeddable":true,"href":"https:\/\/bodhisattva-training.de\/WordPress\/wp-json\/wp\/v2\/users\/2"}],"replies":[{"embeddable":true,"href":"https:\/\/bodhisattva-training.de\/WordPress\/wp-json\/wp\/v2\/comments?post=876"}],"version-history":[{"count":110,"href":"https:\/\/bodhisattva-training.de\/WordPress\/wp-json\/wp\/v2\/pages\/876\/revisions"}],"predecessor-version":[{"id":5971,"href":"https:\/\/bodhisattva-training.de\/WordPress\/wp-json\/wp\/v2\/pages\/876\/revisions\/5971"}],"wp:attachment":[{"href":"https:\/\/bodhisattva-training.de\/WordPress\/wp-json\/wp\/v2\/media?parent=876"}],"curies":[{"name":"wp","href":"https:\/\/api.w.org\/{rel}","templated":true}]}}